{"id":1720,"date":"2024-01-24T16:34:22","date_gmt":"2024-01-24T15:34:22","guid":{"rendered":"https:\/\/www.betak.fr\/?page_id=1720"},"modified":"2025-04-24T15:25:25","modified_gmt":"2025-04-24T13:25:25","slug":"contact-stage","status":"publish","type":"page","link":"https:\/\/www.betak.fr\/index.php\/contact-stage\/","title":{"rendered":"Contact Stage"},"content":{"rendered":"\t\t<div data-elementor-type=\"wp-page\" data-elementor-id=\"1720\" class=\"elementor elementor-1720\">\n\t\t\t\t\t\t<section class=\"elementor-section elementor-top-section elementor-element elementor-element-74f23d26 elementor-section-boxed elementor-section-height-default elementor-section-height-default\" data-id=\"74f23d26\" data-element_type=\"section\">\n\t\t\t\t\t\t\t<div class=\"elementor-background-overlay\"><\/div>\n\t\t\t\t\t\t\t<div class=\"elementor-container elementor-column-gap-default\">\n\t\t\t\t\t<div class=\"elementor-column elementor-col-100 elementor-top-column elementor-element elementor-element-392502cd\" data-id=\"392502cd\" data-element_type=\"column\">\n\t\t\t<div class=\"elementor-widget-wrap elementor-element-populated\">\n\t\t\t\t\t\t<div class=\"elementor-element elementor-element-99227f2 elementor-widget elementor-widget-heading\" data-id=\"99227f2\" data-element_type=\"widget\" data-widget_type=\"heading.default\">\n\t\t\t\t\t<h2 class=\"elementor-heading-title elementor-size-default\">Nous Contacter<\/h2>\t\t\t\t<\/div>\n\t\t\t\t<div class=\"elementor-element elementor-element-65f4455 elementor-widget elementor-widget-text-editor\" data-id=\"65f4455\" data-element_type=\"widget\" data-widget_type=\"text-editor.default\">\n\t\t\t\t\t\t\t\t\t<h4>Chez BETAK, nous vous offrons bien plus qu&rsquo;une simple exp\u00e9rience professionnelle.<\/h4><h4>\u00a0<\/h4><h4>C&rsquo;est une immersion au c\u0153ur de l&rsquo;innovation, o\u00f9 chaque jour apporte de nouveaux d\u00e9fis et opportunit\u00e9s d&rsquo;apprentissage.<\/h4><h4>\u00a0<\/h4><h4>Nous sommes passionn\u00e9s par le d\u00e9veloppement de talents, et nous investissons dans nos salari\u00e9s en leur offrant des projets stimulants et en les guidant avec le soutien de mentors exp\u00e9riment\u00e9s. adaptables, capables de r\u00e9pondre aux besoins changeants de nos clients, tout en maintenant notre engagement envers la qualit\u00e9 et l&rsquo;excellence. <\/h4>\t\t\t\t\t\t\t\t<\/div>\n\t\t\t\t\t<\/div>\n\t\t<\/div>\n\t\t\t\t\t<\/div>\n\t\t<\/section>\n\t\t\t\t<section class=\"elementor-section elementor-top-section elementor-element elementor-element-437e8b9 elementor-section-boxed elementor-section-height-default elementor-section-height-default\" data-id=\"437e8b9\" data-element_type=\"section\">\n\t\t\t\t\t\t<div class=\"elementor-container elementor-column-gap-default\">\n\t\t\t\t\t<div class=\"elementor-column elementor-col-33 elementor-top-column elementor-element elementor-element-59e1085\" data-id=\"59e1085\" data-element_type=\"column\">\n\t\t\t<div class=\"elementor-widget-wrap elementor-element-populated\">\n\t\t\t\t\t\t<div class=\"elementor-element elementor-element-fb9b938 eael-contact-form-7-button-align-left eael-contact-form-7-button-custom elementor-widget elementor-widget-eael-contact-form-7\" data-id=\"fb9b938\" data-element_type=\"widget\" data-widget_type=\"eael-contact-form-7.default\">\n\t\t\t\t\t<div class=\"eael-contact-form-7-wrapper\">\n                <div class=\"eael-contact-form eael-contact-form-7 eael-contact-form-fb9b938 placeholder-show eael-contact-form-align-default\">\n<div class=\"wpcf7 no-js\" id=\"wpcf7-f5-o1\" lang=\"fr-FR\" dir=\"ltr\" data-wpcf7-id=\"5\">\n<div class=\"screen-reader-response\"><p role=\"status\" aria-live=\"polite\" aria-atomic=\"true\"><\/p> <ul><\/ul><\/div>\n<form action=\"\/index.php\/wp-json\/wp\/v2\/pages\/1720#wpcf7-f5-o1\" method=\"post\" class=\"wpcf7-form init\" aria-label=\"Formulaire de contact\" enctype=\"multipart\/form-data\" novalidate=\"novalidate\" data-status=\"init\">\n<fieldset class=\"hidden-fields-container\"><input type=\"hidden\" name=\"_wpcf7\" value=\"5\" \/><input type=\"hidden\" name=\"_wpcf7_version\" value=\"6.1.4\" \/><input type=\"hidden\" name=\"_wpcf7_locale\" value=\"fr_FR\" \/><input type=\"hidden\" name=\"_wpcf7_unit_tag\" value=\"wpcf7-f5-o1\" \/><input type=\"hidden\" name=\"_wpcf7_container_post\" value=\"0\" \/><input type=\"hidden\" name=\"_wpcf7_posted_data_hash\" value=\"\" \/>\n<\/fieldset>\n<p><label> Votre Pr\u00e9nom - Nom<br \/>\n<span class=\"wpcf7-form-control-wrap\" data-name=\"your-name\"><input size=\"40\" maxlength=\"400\" class=\"wpcf7-form-control wpcf7-text wpcf7-validates-as-required\" autocomplete=\"name\" aria-required=\"true\" aria-invalid=\"false\" value=\"\" type=\"text\" name=\"your-name\" \/><\/span> <\/label>\n<\/p>\n<p><label> Votre e-mail<br \/>\n<span class=\"wpcf7-form-control-wrap\" data-name=\"your-email\"><input size=\"40\" maxlength=\"400\" class=\"wpcf7-form-control wpcf7-email wpcf7-validates-as-required wpcf7-text wpcf7-validates-as-email\" autocomplete=\"email\" aria-required=\"true\" aria-invalid=\"false\" value=\"\" type=\"email\" name=\"your-email\" \/><\/span> <\/label>\n<\/p>\n<p><label> Je cherche:<br \/>\n<span class=\"wpcf7-form-control-wrap\" data-name=\"type-recherche\"><select class=\"wpcf7-form-control wpcf7-select wpcf7-validates-as-required\" aria-required=\"true\" aria-invalid=\"false\" name=\"type-recherche\"><option value=\"Un stage\">Un stage<\/option><option value=\"Une alternance\">Une alternance<\/option><option value=\"Un emploi\">Un emploi<\/option><\/select><\/span> <\/label>\n<\/p>\n<p><label> Je postule pour:<br \/>\n<span class=\"wpcf7-form-control-wrap\" data-name=\"poste-recherche\"><select class=\"wpcf7-form-control wpcf7-select wpcf7-validates-as-required\" aria-required=\"true\" aria-invalid=\"false\" name=\"poste-recherche\"><option value=\"Dessinateur structure\">Dessinateur structure<\/option><option value=\"Ing\u00e9nieur structure\">Ing\u00e9nieur structure<\/option><option value=\"Autre\">Autre<\/option><\/select><\/span> <\/label>\n<\/p>\n<p><label> CV & Lettre de Motivation<br \/>\n<span class=\"wpcf7-form-control-wrap\" data-name=\"Fichier\"><input size=\"40\" class=\"wpcf7-form-control wpcf7-file wpcf7-validates-as-required\" accept=\".pdf,.doc,.docx\" aria-required=\"true\" aria-invalid=\"false\" type=\"file\" name=\"Fichier\" \/><\/span> <\/label>\n<\/p>\n<p><label> Votre message (facultatif)<br \/>\n<span class=\"wpcf7-form-control-wrap\" data-name=\"your-message\"><textarea cols=\"40\" rows=\"10\" maxlength=\"2000\" class=\"wpcf7-form-control wpcf7-textarea\" aria-invalid=\"false\" name=\"your-message\"><\/textarea><\/span> <\/label>\n<\/p>\n<p><input class=\"wpcf7-form-control wpcf7-submit has-spinner\" type=\"submit\" value=\"Envoyer\" \/>\n<\/p><div class=\"wpcf7-response-output\" aria-hidden=\"true\"><\/div>\n<\/form>\n<\/div>\n<\/div>\n            <\/div>\t\t\t\t<\/div>\n\t\t\t\t\t<\/div>\n\t\t<\/div>\n\t\t\t\t<div class=\"elementor-column elementor-col-66 elementor-top-column elementor-element elementor-element-678af7c\" data-id=\"678af7c\" data-element_type=\"column\">\n\t\t\t<div class=\"elementor-widget-wrap elementor-element-populated\">\n\t\t\t\t\t\t<section class=\"elementor-section elementor-inner-section elementor-element elementor-element-dd73056 elementor-section-boxed elementor-section-height-default elementor-section-height-default\" data-id=\"dd73056\" data-element_type=\"section\">\n\t\t\t\t\t\t<div class=\"elementor-container elementor-column-gap-default\">\n\t\t\t\t\t<div class=\"elementor-column elementor-col-50 elementor-inner-column elementor-element elementor-element-12c7a63\" data-id=\"12c7a63\" data-element_type=\"column\">\n\t\t\t<div class=\"elementor-widget-wrap elementor-element-populated\">\n\t\t\t\t\t\t<div class=\"elementor-element elementor-element-693c623b elementor-widget elementor-widget-eael-feature-list\" data-id=\"693c623b\" data-element_type=\"widget\" data-widget_type=\"eael-feature-list.default\">\n\t\t\t\t\t\t\t<div class=\"-icon-position-left -tablet-icon-position-left -mobile-icon-position-left\">\n\t\t\t<ul id=\"eael-feature-list-693c623b\" class=\"eael-feature-list-items circle stacked  eael-feature-list-vertical\" data-layout-tablet=\"vertical\" data-layout-mobile=\"vertical\">\n\t\t\t                <li class=\"eael-feature-list-item elementor-repeater-item-f18cce0\">\n                    \n\t\t\t\t\t\t<div class=\"eael-feature-list-icon-box\">\n\t\t\t\t\t\t\t<div class=\"eael-feature-list-icon-inner\">\n\n\t\t\t\t\t\t\t\t<span class=\"eael-feature-list-icon fl-icon-0\">\n\n\t\t<svg aria-hidden=\"true\" class=\"e-font-icon-svg e-far-building\" viewBox=\"0 0 448 512\" xmlns=\"http:\/\/www.w3.org\/2000\/svg\"><path d=\"M128 148v-40c0-6.6 5.4-12 12-12h40c6.6 0 12 5.4 12 12v40c0 6.6-5.4 12-12 12h-40c-6.6 0-12-5.4-12-12zm140 12h40c6.6 0 12-5.4 12-12v-40c0-6.6-5.4-12-12-12h-40c-6.6 0-12 5.4-12 12v40c0 6.6 5.4 12 12 12zm-128 96h40c6.6 0 12-5.4 12-12v-40c0-6.6-5.4-12-12-12h-40c-6.6 0-12 5.4-12 12v40c0 6.6 5.4 12 12 12zm128 0h40c6.6 0 12-5.4 12-12v-40c0-6.6-5.4-12-12-12h-40c-6.6 0-12 5.4-12 12v40c0 6.6 5.4 12 12 12zm-76 84v-40c0-6.6-5.4-12-12-12h-40c-6.6 0-12 5.4-12 12v40c0 6.6 5.4 12 12 12h40c6.6 0 12-5.4 12-12zm76 12h40c6.6 0 12-5.4 12-12v-40c0-6.6-5.4-12-12-12h-40c-6.6 0-12 5.4-12 12v40c0 6.6 5.4 12 12 12zm180 124v36H0v-36c0-6.6 5.4-12 12-12h19.5V24c0-13.3 10.7-24 24-24h337c13.3 0 24 10.7 24 24v440H436c6.6 0 12 5.4 12 12zM79.5 463H192v-67c0-6.6 5.4-12 12-12h40c6.6 0 12 5.4 12 12v67h112.5V49L80 48l-.5 415z\"><\/path><\/svg>\t\t\t\t\t\t\t\t<\/span>\n\t\t\t\t\t\t\t<\/div>\n\t\t\t\t\t\t<\/div>\n\t\t\t\t\t\t<div class=\"eael-feature-list-content-box\">\n                            <h4 class=\"eael-feature-list-title\">Si\u00e8ge Social<\/h4>\t\t\t\t\t\t<p class=\"eael-feature-list-content\">121 Rue Chanzy, 59260 LILLE\n<\/p>\n\t\t\t\t\t\t<\/div>\n\n\t\t\t\t\t<\/li>\n\t\t\t\t                <li class=\"eael-feature-list-item elementor-repeater-item-1a4648a\">\n                    \n\t\t\t\t\t\t<div class=\"eael-feature-list-icon-box\">\n\t\t\t\t\t\t\t<div class=\"eael-feature-list-icon-inner\">\n\n\t\t\t\t\t\t\t\t<span class=\"eael-feature-list-icon fl-icon-1\">\n\n\t\t<svg aria-hidden=\"true\" class=\"e-font-icon-svg e-fas-map-marked-alt\" viewBox=\"0 0 576 512\" xmlns=\"http:\/\/www.w3.org\/2000\/svg\"><path d=\"M288 0c-69.59 0-126 56.41-126 126 0 56.26 82.35 158.8 113.9 196.02 6.39 7.54 17.82 7.54 24.2 0C331.65 284.8 414 182.26 414 126 414 56.41 357.59 0 288 0zm0 168c-23.2 0-42-18.8-42-42s18.8-42 42-42 42 18.8 42 42-18.8 42-42 42zM20.12 215.95A32.006 32.006 0 0 0 0 245.66v250.32c0 11.32 11.43 19.06 21.94 14.86L160 448V214.92c-8.84-15.98-16.07-31.54-21.25-46.42L20.12 215.95zM288 359.67c-14.07 0-27.38-6.18-36.51-16.96-19.66-23.2-40.57-49.62-59.49-76.72v182l192 64V266c-18.92 27.09-39.82 53.52-59.49 76.72-9.13 10.77-22.44 16.95-36.51 16.95zm266.06-198.51L416 224v288l139.88-55.95A31.996 31.996 0 0 0 576 426.34V176.02c0-11.32-11.43-19.06-21.94-14.86z\"><\/path><\/svg>\t\t\t\t\t\t\t\t<\/span>\n\t\t\t\t\t\t\t<\/div>\n\t\t\t\t\t\t<\/div>\n\t\t\t\t\t\t<div class=\"eael-feature-list-content-box\">\n                            <h4 class=\"eael-feature-list-title\">Nos agences<\/h4>\t\t\t\t\t\t<p class=\"eael-feature-list-content\">Lille, Arras<\/p>\n\t\t\t\t\t\t<\/div>\n\n\t\t\t\t\t<\/li>\n\t\t\t\t\t\t\t<\/ul>\n\t\t<\/div>\n\t\t\t\t\t\t<\/div>\n\t\t\t\t\t<\/div>\n\t\t<\/div>\n\t\t\t\t<div class=\"elementor-column elementor-col-50 elementor-inner-column elementor-element elementor-element-59cacba\" data-id=\"59cacba\" data-element_type=\"column\">\n\t\t\t<div class=\"elementor-widget-wrap elementor-element-populated\">\n\t\t\t\t\t\t<div class=\"elementor-element elementor-element-0a73ab5 elementor-widget elementor-widget-eael-feature-list\" data-id=\"0a73ab5\" data-element_type=\"widget\" data-widget_type=\"eael-feature-list.default\">\n\t\t\t\t\t\t\t<div class=\"-icon-position-left -tablet-icon-position-left -mobile-icon-position-left\">\n\t\t\t<ul id=\"eael-feature-list-0a73ab5\" class=\"eael-feature-list-items circle stacked  eael-feature-list-vertical\" data-layout-tablet=\"vertical\" data-layout-mobile=\"vertical\">\n\t\t\t                <li class=\"eael-feature-list-item elementor-repeater-item-ac085c0\">\n                    \n\t\t\t\t\t\t<div class=\"eael-feature-list-icon-box\">\n\t\t\t\t\t\t\t<div class=\"eael-feature-list-icon-inner\">\n\n\t\t\t\t\t\t\t\t<a class=\"eael-feature-list-icon fl-icon-0\"href=\"https:\/\/www.linkedin.com\/company\/betak-ingenierie\/\">\n\n\t\t<svg aria-hidden=\"true\" class=\"e-font-icon-svg e-fab-linkedin\" viewBox=\"0 0 448 512\" xmlns=\"http:\/\/www.w3.org\/2000\/svg\"><path d=\"M416 32H31.9C14.3 32 0 46.5 0 64.3v383.4C0 465.5 14.3 480 31.9 480H416c17.6 0 32-14.5 32-32.3V64.3c0-17.8-14.4-32.3-32-32.3zM135.4 416H69V202.2h66.5V416zm-33.2-243c-21.3 0-38.5-17.3-38.5-38.5S80.9 96 102.2 96c21.2 0 38.5 17.3 38.5 38.5 0 21.3-17.2 38.5-38.5 38.5zm282.1 243h-66.4V312c0-24.8-.5-56.7-34.5-56.7-34.6 0-39.9 27-39.9 54.9V416h-66.4V202.2h63.7v29.2h.9c8.9-16.8 30.6-34.5 62.9-34.5 67.2 0 79.7 44.3 79.7 101.9V416z\"><\/path><\/svg>\t\t\t\t\t\t\t\t<\/a>\n\t\t\t\t\t\t\t<\/div>\n\t\t\t\t\t\t<\/div>\n\t\t\t\t\t\t<div class=\"eael-feature-list-content-box\">\n                            <h4 class=\"eael-feature-list-title\"><a href=\"https:\/\/www.linkedin.com\/company\/betak-ingenierie\/\">LinkedIn<\/a><\/h4>\t\t\t\t\t\t<p class=\"eael-feature-list-content\">https:\/\/www.linkedin.com\/company\/betak-ingenierie\/<\/p>\n\t\t\t\t\t\t<\/div>\n\n\t\t\t\t\t<\/li>\n\t\t\t\t\t\t\t<\/ul>\n\t\t<\/div>\n\t\t\t\t\t\t<\/div>\n\t\t\t\t\t<\/div>\n\t\t<\/div>\n\t\t\t\t\t<\/div>\n\t\t<\/section>\n\t\t\t\t<div class=\"elementor-element elementor-element-35351b6a elementor-widget elementor-widget-google_maps\" data-id=\"35351b6a\" data-element_type=\"widget\" data-widget_type=\"google_maps.default\">\n\t\t\t\t\t\t\t<div class=\"elementor-custom-embed\">\n\t\t\t<iframe loading=\"lazy\"\n\t\t\t\t\tsrc=\"https:\/\/maps.google.com\/maps?q=121%20rue%20chanzy&#038;t=m&#038;z=11&#038;output=embed&#038;iwloc=near\"\n\t\t\t\t\ttitle=\"121 rue chanzy\"\n\t\t\t\t\taria-label=\"121 rue chanzy\"\n\t\t\t><\/iframe>\n\t\t<\/div>\n\t\t\t\t\t\t<\/div>\n\t\t\t\t\t<\/div>\n\t\t<\/div>\n\t\t\t\t\t<\/div>\n\t\t<\/section>\n\t\t\t\t<\/div>\n\t\t","protected":false},"excerpt":{"rendered":"<p>Nous Contacter Chez BETAK, nous vous offrons bien plus qu&rsquo;une simple exp\u00e9rience professionnelle. \u00a0 C&rsquo;est une immersion au c\u0153ur de l&rsquo;innovation, o\u00f9 chaque jour apporte de nouveaux d\u00e9fis et opportunit\u00e9s d&rsquo;apprentissage. \u00a0 Nous sommes passionn\u00e9s par le d\u00e9veloppement de talents, et nous investissons dans nos salari\u00e9s en leur offrant des projets stimulants et en les guidant avec le soutien de&#8230;<\/p>\n","protected":false},"author":2,"featured_media":0,"parent":0,"menu_order":0,"comment_status":"closed","ping_status":"closed","template":"elementor_header_footer","meta":{"_acf_changed":false,"footnotes":""},"class_list":["post-1720","page","type-page","status-publish","hentry"],"acf":[],"yoast_head":"<!-- This site is optimized with the Yoast SEO plugin v26.6 - https:\/\/yoast.com\/wordpress\/plugins\/seo\/ -->\n<title>BETAK INGENIERIE - bureau d&#039;\u00e9tude structure \u00e0 Compi\u00e8gne<\/title>\n<meta name=\"description\" content=\"BETAK INGENIERIE est un bureau d&#039;\u00e9tude structure. Nous r\u00e9alisions les \u00e9tudes d&#039;ex\u00e9cution, diagnostic, maitrise d&#039;\u0153uvre, conception...\" \/>\n<meta name=\"robots\" content=\"index, follow, max-snippet:-1, max-image-preview:large, max-video-preview:-1\" \/>\n<link rel=\"canonical\" href=\"https:\/\/www.betak.fr\/index.php\/contact-stage\/\" \/>\n<meta property=\"og:locale\" content=\"fr_FR\" \/>\n<meta property=\"og:type\" content=\"article\" \/>\n<meta property=\"og:title\" content=\"BETAK INGENIERIE - bureau d&#039;\u00e9tude structure \u00e0 Compi\u00e8gne\" \/>\n<meta property=\"og:description\" content=\"BETAK INGENIERIE est un bureau d&#039;\u00e9tude structure. Nous r\u00e9alisions les \u00e9tudes d&#039;ex\u00e9cution, diagnostic, maitrise d&#039;\u0153uvre, conception...\" \/>\n<meta property=\"og:url\" content=\"https:\/\/www.betak.fr\/index.php\/contact-stage\/\" \/>\n<meta property=\"og:site_name\" content=\"BETAK INGENIERIE\" \/>\n<meta property=\"article:publisher\" content=\"https:\/\/www.facebook.com\/profile.php?id=61555209782393&amp;locale=fr_FR\" \/>\n<meta property=\"article:modified_time\" content=\"2025-04-24T13:25:25+00:00\" \/>\n<meta name=\"twitter:card\" content=\"summary_large_image\" \/>\n<meta name=\"twitter:label1\" content=\"Dur\u00e9e de lecture estim\u00e9e\" \/>\n\t<meta name=\"twitter:data1\" content=\"1 minute\" \/>\n<script type=\"application\/ld+json\" class=\"yoast-schema-graph\">{\"@context\":\"https:\/\/schema.org\",\"@graph\":[{\"@type\":\"WebPage\",\"@id\":\"https:\/\/www.betak.fr\/index.php\/contact-stage\/\",\"url\":\"https:\/\/www.betak.fr\/index.php\/contact-stage\/\",\"name\":\"BETAK INGENIERIE - bureau d'\u00e9tude structure \u00e0 Compi\u00e8gne\",\"isPartOf\":{\"@id\":\"https:\/\/www.betak.fr\/#website\"},\"datePublished\":\"2024-01-24T15:34:22+00:00\",\"dateModified\":\"2025-04-24T13:25:25+00:00\",\"description\":\"BETAK INGENIERIE est un bureau d'\u00e9tude structure. Nous r\u00e9alisions les \u00e9tudes d'ex\u00e9cution, diagnostic, maitrise d'\u0153uvre, conception...\",\"breadcrumb\":{\"@id\":\"https:\/\/www.betak.fr\/index.php\/contact-stage\/#breadcrumb\"},\"inLanguage\":\"fr-FR\",\"potentialAction\":[{\"@type\":\"ReadAction\",\"target\":[\"https:\/\/www.betak.fr\/index.php\/contact-stage\/\"]}]},{\"@type\":\"BreadcrumbList\",\"@id\":\"https:\/\/www.betak.fr\/index.php\/contact-stage\/#breadcrumb\",\"itemListElement\":[{\"@type\":\"ListItem\",\"position\":1,\"name\":\"Accueil\",\"item\":\"https:\/\/www.betak.fr\/\"},{\"@type\":\"ListItem\",\"position\":2,\"name\":\"Contact Stage\"}]},{\"@type\":\"WebSite\",\"@id\":\"https:\/\/www.betak.fr\/#website\",\"url\":\"https:\/\/www.betak.fr\/\",\"name\":\"BETAK INGENIERIE\",\"description\":\"Bureau d&#039;\u00e9tudes structure \u00e0 Lille et Arras\",\"publisher\":{\"@id\":\"https:\/\/www.betak.fr\/#organization\"},\"potentialAction\":[{\"@type\":\"SearchAction\",\"target\":{\"@type\":\"EntryPoint\",\"urlTemplate\":\"https:\/\/www.betak.fr\/?s={search_term_string}\"},\"query-input\":{\"@type\":\"PropertyValueSpecification\",\"valueRequired\":true,\"valueName\":\"search_term_string\"}}],\"inLanguage\":\"fr-FR\"},{\"@type\":\"Organization\",\"@id\":\"https:\/\/www.betak.fr\/#organization\",\"name\":\"BETAK INGENIERIE\",\"url\":\"https:\/\/www.betak.fr\/\",\"logo\":{\"@type\":\"ImageObject\",\"inLanguage\":\"fr-FR\",\"@id\":\"https:\/\/www.betak.fr\/#\/schema\/logo\/image\/\",\"url\":\"https:\/\/www.betak.fr\/wp-content\/uploads\/2023\/08\/cropped-LOGO-COULEUR-TRANSPARENT.png\",\"contentUrl\":\"https:\/\/www.betak.fr\/wp-content\/uploads\/2023\/08\/cropped-LOGO-COULEUR-TRANSPARENT.png\",\"width\":4600,\"height\":1786,\"caption\":\"BETAK INGENIERIE\"},\"image\":{\"@id\":\"https:\/\/www.betak.fr\/#\/schema\/logo\/image\/\"},\"sameAs\":[\"https:\/\/www.facebook.com\/profile.php?id=61555209782393&locale=fr_FR\",\"https:\/\/www.linkedin.com\/company\/betak-ingenierie\"]}]}<\/script>\n<!-- \/ Yoast SEO plugin. -->","yoast_head_json":{"title":"BETAK INGENIERIE - bureau d'\u00e9tude structure \u00e0 Compi\u00e8gne","description":"BETAK INGENIERIE est un bureau d'\u00e9tude structure. Nous r\u00e9alisions les \u00e9tudes d'ex\u00e9cution, diagnostic, maitrise d'\u0153uvre, conception...","robots":{"index":"index","follow":"follow","max-snippet":"max-snippet:-1","max-image-preview":"max-image-preview:large","max-video-preview":"max-video-preview:-1"},"canonical":"https:\/\/www.betak.fr\/index.php\/contact-stage\/","og_locale":"fr_FR","og_type":"article","og_title":"BETAK INGENIERIE - bureau d'\u00e9tude structure \u00e0 Compi\u00e8gne","og_description":"BETAK INGENIERIE est un bureau d'\u00e9tude structure. Nous r\u00e9alisions les \u00e9tudes d'ex\u00e9cution, diagnostic, maitrise d'\u0153uvre, conception...","og_url":"https:\/\/www.betak.fr\/index.php\/contact-stage\/","og_site_name":"BETAK INGENIERIE","article_publisher":"https:\/\/www.facebook.com\/profile.php?id=61555209782393&locale=fr_FR","article_modified_time":"2025-04-24T13:25:25+00:00","twitter_card":"summary_large_image","twitter_misc":{"Dur\u00e9e de lecture estim\u00e9e":"1 minute"},"schema":{"@context":"https:\/\/schema.org","@graph":[{"@type":"WebPage","@id":"https:\/\/www.betak.fr\/index.php\/contact-stage\/","url":"https:\/\/www.betak.fr\/index.php\/contact-stage\/","name":"BETAK INGENIERIE - bureau d'\u00e9tude structure \u00e0 Compi\u00e8gne","isPartOf":{"@id":"https:\/\/www.betak.fr\/#website"},"datePublished":"2024-01-24T15:34:22+00:00","dateModified":"2025-04-24T13:25:25+00:00","description":"BETAK INGENIERIE est un bureau d'\u00e9tude structure. Nous r\u00e9alisions les \u00e9tudes d'ex\u00e9cution, diagnostic, maitrise d'\u0153uvre, conception...","breadcrumb":{"@id":"https:\/\/www.betak.fr\/index.php\/contact-stage\/#breadcrumb"},"inLanguage":"fr-FR","potentialAction":[{"@type":"ReadAction","target":["https:\/\/www.betak.fr\/index.php\/contact-stage\/"]}]},{"@type":"BreadcrumbList","@id":"https:\/\/www.betak.fr\/index.php\/contact-stage\/#breadcrumb","itemListElement":[{"@type":"ListItem","position":1,"name":"Accueil","item":"https:\/\/www.betak.fr\/"},{"@type":"ListItem","position":2,"name":"Contact Stage"}]},{"@type":"WebSite","@id":"https:\/\/www.betak.fr\/#website","url":"https:\/\/www.betak.fr\/","name":"BETAK INGENIERIE","description":"Bureau d&#039;\u00e9tudes structure \u00e0 Lille et Arras","publisher":{"@id":"https:\/\/www.betak.fr\/#organization"},"potentialAction":[{"@type":"SearchAction","target":{"@type":"EntryPoint","urlTemplate":"https:\/\/www.betak.fr\/?s={search_term_string}"},"query-input":{"@type":"PropertyValueSpecification","valueRequired":true,"valueName":"search_term_string"}}],"inLanguage":"fr-FR"},{"@type":"Organization","@id":"https:\/\/www.betak.fr\/#organization","name":"BETAK INGENIERIE","url":"https:\/\/www.betak.fr\/","logo":{"@type":"ImageObject","inLanguage":"fr-FR","@id":"https:\/\/www.betak.fr\/#\/schema\/logo\/image\/","url":"https:\/\/www.betak.fr\/wp-content\/uploads\/2023\/08\/cropped-LOGO-COULEUR-TRANSPARENT.png","contentUrl":"https:\/\/www.betak.fr\/wp-content\/uploads\/2023\/08\/cropped-LOGO-COULEUR-TRANSPARENT.png","width":4600,"height":1786,"caption":"BETAK INGENIERIE"},"image":{"@id":"https:\/\/www.betak.fr\/#\/schema\/logo\/image\/"},"sameAs":["https:\/\/www.facebook.com\/profile.php?id=61555209782393&locale=fr_FR","https:\/\/www.linkedin.com\/company\/betak-ingenierie"]}]}},"_links":{"self":[{"href":"https:\/\/www.betak.fr\/index.php\/wp-json\/wp\/v2\/pages\/1720","targetHints":{"allow":["GET"]}}],"collection":[{"href":"https:\/\/www.betak.fr\/index.php\/wp-json\/wp\/v2\/pages"}],"about":[{"href":"https:\/\/www.betak.fr\/index.php\/wp-json\/wp\/v2\/types\/page"}],"author":[{"embeddable":true,"href":"https:\/\/www.betak.fr\/index.php\/wp-json\/wp\/v2\/users\/2"}],"replies":[{"embeddable":true,"href":"https:\/\/www.betak.fr\/index.php\/wp-json\/wp\/v2\/comments?post=1720"}],"version-history":[{"count":14,"href":"https:\/\/www.betak.fr\/index.php\/wp-json\/wp\/v2\/pages\/1720\/revisions"}],"predecessor-version":[{"id":2309,"href":"https:\/\/www.betak.fr\/index.php\/wp-json\/wp\/v2\/pages\/1720\/revisions\/2309"}],"wp:attachment":[{"href":"https:\/\/www.betak.fr\/index.php\/wp-json\/wp\/v2\/media?parent=1720"}],"curies":[{"name":"wp","href":"https:\/\/api.w.org\/{rel}","templated":true}]}}